{"id":570,"date":"2015-06-24T18:10:49","date_gmt":"2015-06-24T18:10:49","guid":{"rendered":"http:\/\/www.grinluz.es\/wp\/?page_id=570"},"modified":"2015-06-28T17:23:33","modified_gmt":"2015-06-28T17:23:33","slug":"granallado-de-acero","status":"publish","type":"page","link":"https:\/\/www.grinluz.es\/wp\/?page_id=570","title":{"rendered":"Granallado de Acero"},"content":{"rendered":"\n<style type=\"text\/css\" data-created_by=\"avia_inline_auto\" id=\"style-css-av-av_section-c7f0326b2949577f51ed874f424e45cf\">\n.avia-section.av-av_section-c7f0326b2949577f51ed874f424e45cf{\nbackground-color:#267f57;\nbackground-image:unset;\n}\n.avia-section.av-av_section-c7f0326b2949577f51ed874f424e45cf .av-extra-border-element .av-extra-border-inner{\nbackground-color:#267f57;\n}\n<\/style>\n<div id='av_section_1'  class='avia-section av-av_section-c7f0326b2949577f51ed874f424e45cf main_color avia-section-default avia-shadow  avia-builder-el-0  el_before_av_textblock  avia-builder-el-first  avia-bg-style-scroll av-arrow-down-section av-minimum-height av-minimum-height-custom av-height-custom  container_wrap sidebar_right'   data-av_minimum_height_px='430'><div class='container av-section-cont-open' style='height:430px'><main  role=\"main\" itemprop=\"mainContentOfPage\"  class='template-page content  av-content-small alpha units'><div class='post-entry post-entry-type-page post-entry-570'><div class='entry-content-wrapper clearfix'>\n\n<style type=\"text\/css\" data-created_by=\"avia_inline_auto\" id=\"style-css-av-av_heading-a9756839ca84a7b59f2ce16e1338e567\">\n#top .av-special-heading.av-av_heading-a9756839ca84a7b59f2ce16e1338e567{\npadding-bottom:30px;\ncolor:#ffffff;\nfont-size:50px;\n}\nbody .av-special-heading.av-av_heading-a9756839ca84a7b59f2ce16e1338e567 .av-special-heading-tag .heading-char{\nfont-size:25px;\n}\n#top #wrap_all .av-special-heading.av-av_heading-a9756839ca84a7b59f2ce16e1338e567 .av-special-heading-tag{\nfont-size:50px;\n}\n.av-special-heading.av-av_heading-a9756839ca84a7b59f2ce16e1338e567 .special-heading-inner-border{\nborder-color:#ffffff;\n}\n.av-special-heading.av-av_heading-a9756839ca84a7b59f2ce16e1338e567 .av-subheading{\nfont-size:20px;\n}\n\n@media only screen and (min-width: 480px) and (max-width: 767px){ \n#top #wrap_all .av-special-heading.av-av_heading-a9756839ca84a7b59f2ce16e1338e567 .av-special-heading-tag{\nfont-size:0.8em;\n}\n}\n\n@media only screen and (max-width: 479px){ \n#top #wrap_all .av-special-heading.av-av_heading-a9756839ca84a7b59f2ce16e1338e567 .av-special-heading-tag{\nfont-size:0.8em;\n}\n}\n<\/style>\n<div  class='av-special-heading av-av_heading-a9756839ca84a7b59f2ce16e1338e567 av-special-heading-h2 custom-color-heading blockquote modern-quote  avia-builder-el-1  avia-builder-el-no-sibling  av-inherit-size'><h2 class='av-special-heading-tag '  itemprop=\"headline\"  >Granallado de Acero<\/h2><div class=\"special-heading-border\"><div class=\"special-heading-inner-border\"><\/div><\/div><\/div>\n<\/div><\/div><\/main><!-- close content main element --><\/div><div class='av-extra-border-element border-extra-arrow-down'><div class='av-extra-border-outer'><div class='av-extra-border-inner'><\/div><\/div><\/div><\/div><div id='after_section_1'  class='main_color av_default_container_wrap container_wrap sidebar_right'  ><div class='container av-section-cont-open' ><div class='template-page content  av-content-small alpha units'><div class='post-entry post-entry-type-page post-entry-570'><div class='entry-content-wrapper clearfix'>\n<section  class='av_textblock_section av-av_textblock-0366cc7376be6c9e82a3e9cc8987b64f '   itemscope=\"itemscope\" itemtype=\"https:\/\/schema.org\/CreativeWork\" ><div class='avia_textblock'  itemprop=\"text\" ><h2>Granallado de Acero<\/h2>\n<h3>\u00bfQu\u00e9 es el granallado de acero inoxidable?<\/h3>\n<p>El granallado es un m\u00e9todo utilizado para mejorar la resistencia, limpiar y fortalecer el acero inoxidable, adem\u00e1s de otros tipos de aleaciones. Este m\u00e9todo se utiliza en la mayor\u00eda de las industrias que operan con metales para la industria aeroespacial, automoci\u00f3n, construcci\u00f3n, naval, fundici\u00f3n, ferroviaria, entre otras muchas.<\/p>\n<p>Se aplica el granallado mediante dos m\u00e9todos muy efectivos. El primero se encarga de transformar directamente la energ\u00eda que expulsa el motor el\u00e9ctrico convirtiendo esta energ\u00eda en cin\u00e9tica y con esta gran cantidad de potencia logra que mediante el acelerado abrasivo se produzca un limpiado completo eliminando casi cualquier tipo de impureza en el acero o aleaci\u00f3n.<\/p>\n<p>El segundo m\u00e9todo utilizado consiste en utilizar una herramienta neum\u00e1tica acelerada por aire comprimido que proyecta mediante boquillas sobre el producto de acero o metal produci\u00e9ndose as\u00ed el granallado para la aleaci\u00f3n o acero. Hay una variante que es el granallado h\u00famedo de acero que mezcla part\u00edculas de agua adem\u00e1s del aire comprimido.<\/p>\n<p><a href=\"http:\/\/www.grinluz.es\/wp\/wp-content\/uploads\/2015\/06\/dmls_12.jpg\"><img loading=\"lazy\" decoding=\"async\" class=\" size-large wp-image-679 aligncenter\" src=\"http:\/\/www.grinluz.es\/wp\/wp-content\/uploads\/2015\/06\/dmls_12-1024x768.jpg\" alt=\"dmls_12\" width=\"1024\" height=\"768\" srcset=\"https:\/\/www.grinluz.es\/wp\/wp-content\/uploads\/2015\/06\/dmls_12-1024x768.jpg 1024w, https:\/\/www.grinluz.es\/wp\/wp-content\/uploads\/2015\/06\/dmls_12-300x225.jpg 300w, https:\/\/www.grinluz.es\/wp\/wp-content\/uploads\/2015\/06\/dmls_12-1500x1125.jpg 1500w, https:\/\/www.grinluz.es\/wp\/wp-content\/uploads\/2015\/06\/dmls_12-705x529.jpg 705w, https:\/\/www.grinluz.es\/wp\/wp-content\/uploads\/2015\/06\/dmls_12-450x338.jpg 450w, https:\/\/www.grinluz.es\/wp\/wp-content\/uploads\/2015\/06\/dmls_12.jpg 1600w\" sizes=\"(max-width: 1024px) 100vw, 1024px\" \/><\/a><\/p>\n<h2>\u00bfQu\u00e9 ventajas tiene utilizar el proceso de granallado de acero?<\/h2>\n<p>El material que sea tratado con este sistema de granallado obtendr\u00e1 las siguientes mejoras en cuanto a resistencia se refiere:<\/p>\n<ul>\n<li>Dureza: El acero se dotar\u00e1 de resistencia a cualquier tipo de da\u00f1o que se pueda producir en el metal.<\/li>\n<li>Resistencia: Incremento notable de la vida \u00fatil del material met\u00e1lico gracias al proceso de granallado.<\/li>\n<\/ul>\n<p>Son muchas las industrias que solicitan el m\u00e9todo de granallado a la hora de realizar y aplicar un tratamiento al acero o cualquier aleaci\u00f3n posible.<\/p>\n<ul>\n<li>Remolques para camiones.<\/li>\n<li>Tanques de combustible para evitar la corrosi\u00f3n.<\/li>\n<li>Refuerzo de las tuber\u00edas y otras instalaciones met\u00e1licas.<\/li>\n<li>Motores El\u00e9ctricos.<\/li>\n<\/ul>\n<\/div><\/section>\n","protected":false},"excerpt":{"rendered":"","protected":false},"author":1,"featured_media":0,"parent":0,"menu_order":0,"comment_status":"open","ping_status":"open","template":"","meta":{"footnotes":""},"class_list":["post-570","page","type-page","status-publish","hentry"],"_links":{"self":[{"href":"https:\/\/www.grinluz.es\/wp\/index.php?rest_route=\/wp\/v2\/pages\/570"}],"collection":[{"href":"https:\/\/www.grinluz.es\/wp\/index.php?rest_route=\/wp\/v2\/pages"}],"about":[{"href":"https:\/\/www.grinluz.es\/wp\/index.php?rest_route=\/wp\/v2\/types\/page"}],"author":[{"embeddable":true,"href":"https:\/\/www.grinluz.es\/wp\/index.php?rest_route=\/wp\/v2\/users\/1"}],"replies":[{"embeddable":true,"href":"https:\/\/www.grinluz.es\/wp\/index.php?rest_route=%2Fwp%2Fv2%2Fcomments&post=570"}],"version-history":[{"count":4,"href":"https:\/\/www.grinluz.es\/wp\/index.php?rest_route=\/wp\/v2\/pages\/570\/revisions"}],"predecessor-version":[{"id":680,"href":"https:\/\/www.grinluz.es\/wp\/index.php?rest_route=\/wp\/v2\/pages\/570\/revisions\/680"}],"wp:attachment":[{"href":"https:\/\/www.grinluz.es\/wp\/index.php?rest_route=%2Fwp%2Fv2%2Fmedia&parent=570"}],"curies":[{"name":"wp","href":"https:\/\/api.w.org\/{rel}","templated":true}]}}